{"id":95,"date":"2022-01-27T10:58:29","date_gmt":"2022-01-27T10:58:29","guid":{"rendered":"http:\/\/cognito.mprinsdesign.nl\/?page_id=95"},"modified":"2024-02-01T13:41:06","modified_gmt":"2024-02-01T13:41:06","slug":"komplex","status":"publish","type":"page","link":"https:\/\/solana-village.com\/cs\/komplex\/","title":{"rendered":"O vesnici Solana"},"content":{"rendered":"<section class=\"wpb-content-wrapper\"><div  class=\"content_row row page-content vc_row wpb_row  default-style fullwidth\" >\n\t\n\t<div class=\"content_row_wrapper  default\" >\n\t<div id=\"asdasd\" class=\"vc_col-sm-12 wpb_column vc_column_container\" >\n\t<div class=\"vc_column-inner\">\n\t\t<div class=\"wpb_wrapper\" >\n\t\t\t<div class=\"rt_heading_wrapper no-style\">\n\t\t\t\t\t\t<h1 class=\"rt_heading  no-style\"  style=\"font-size:24px;margin-top:24px;margin-bottom:0px;\">Solana Village \u2013 <span class=\"after_h1\">Kr\u00e1sn\u011b um\u00edst\u011bn\u00e1 nov\u00e1 stavba s jedine\u010dn\u00fdm v\u00fdhledem v La Cala de Mijas..<\/span><\/h1> \n\t\t\t\t\t<\/div><div class=\"vc_empty_space\"   style=\"height: 32px\"><span class=\"vc_empty_space_inner\"><\/span><\/div><div class=\"vc_separator wpb_content_element vc_separator_align_center vc_sep_width_100 vc_sep_style-4 vc_sep_pos_align_center vc_separator_no_text vc_sep_color_grey\" ><span class=\"vc_sep_holder vc_sep_holder_l\"><span class=\"vc_sep_line\"><\/span><\/span><span class=\"vc_sep_holder vc_sep_holder_r\"><span class=\"vc_sep_line\"><\/span><\/span>\n<\/div><div class=\"vc_empty_space\"   style=\"height: 32px\"><span class=\"vc_empty_space_inner\"><\/span><\/div>\n\t<div class=\"wpb_text_column wpb_content_element\" >\n\t\t<div class=\"wpb_wrapper\">\n\t\t\t<div class=\"\">\n<p>Tento stavitel pokra\u010duje za v\u0161ech okolnost\u00ed s nov\u00fdmi projekty na kr\u00e1sn\u00fdch m\u00edstech. Byty a penthousy v tomto komplexu budou nepochybn\u011b tak\u00e9 rychle prod\u00e1ny. Kdo by necht\u011bl p\u011bkn\u00fd a prostorn\u00fd apartm\u00e1n s velkou terasou, um\u00edst\u011bn\u00fd v zeleni s jedine\u010dn\u00fdm v\u00fdhledem na kopce a fairwaye prvot\u0159\u00eddn\u00edho golfov\u00e9ho h\u0159i\u0161t\u011b k mo\u0159i?<\/p>\n<p>Byty jsou zcela v souladu s dne\u0161n\u00edm stylem s otev\u0159en\u00fdm ob\u00fdvac\u00edm pokojem a designovou kuchyn\u00ed. Optim\u00e1ln\u00ed tepeln\u00e1 i zvukov\u00e1 izolace, aerotermick\u00fd syst\u00e9m pro teplou vodu a samoz\u0159ejm\u011b soukrom\u00e1 gar\u00e1\u017e a sklad.<\/p>\n<p>Samoz\u0159ejm\u011b tak\u00e9 spole\u010dn\u00fd baz\u00e9n.<\/p>\n<p>Prvn\u00ed kroky ve v\u00fdstavb\u011b ji\u017e byly podniknuty, proto\u017ee je vy\u0159\u00edzeno stavebn\u00ed povolen\u00ed a dod\u00e1vka je napl\u00e1nov\u00e1na ji\u017e na 3. \u010dtvrtlet\u00ed 2022. A na\u0161e zku\u0161enost s p\u0159edchoz\u00edmi projekty tohoto stavebn\u00edka je, \u017ee to nen\u00ed pr\u00e1zdn\u00fd slib!<\/p>\n<h2><\/h2>\n<h2>Informace o cen\u011b<\/h2>\n<p>Byty od 370 000 \u20ac<\/p>\n<p>Chcete dost\u00e1vat nejnov\u011bj\u0161\u00ed informace o dostupnosti a cen\u00e1ch? Zeptej se n\u00e1s <a href=\"https:\/\/solana-village.com\/cs\/vice-informaci\/\"><strong>informa\u010dn\u00ed bal\u00ed\u010dek s rozs\u00e1hl\u00fdmi informacemi a bro\u017eurou na &gt;&gt;&gt;<\/strong><\/a><\/p>\n<p>M\u00e1te konkr\u00e9tn\u00ed dotaz nebo byste si cht\u011bli domluvit sch\u016fzku? Zavolejte Ronovi de Vriesovi na \u010d\u00edslo +34 677 67 04 80<\/p>\n<\/div>\n\n\t\t<\/div>\n\t<\/div>\n\n\t\t<\/div>\n\t<\/div>\n\t<\/div>\n\n<\/div>\n<\/div>\n\n<div  class=\"content_row row page-content vc_row wpb_row  default-style fullwidth\" style=\"background-color: #bbac8c;\">\n\t\n\t<div class=\"content_row_wrapper  default\" >\n\t<div id=\"asdasd\" class=\"vc_col-sm-12 wpb_column vc_column_container\" >\n\t<div class=\"vc_column-inner\">\n\t\t<div class=\"wpb_wrapper\" >\n\t\t\t<div class=\"rt_heading_wrapper no-style\">\n\t\t\t\t\t\t<h1 class=\"rt_heading  no-style\"  style=\"font-size:24px;margin-top:24px;margin-bottom:0px;\">Funkce - <span class=\"after_h1 white\">Solana Villa \u2013 La Cala Golf<\/span><\/h1> \n\t\t\t\t\t<\/div><div class=\"vc_empty_space\"   style=\"height: 32px\"><span class=\"vc_empty_space_inner\"><\/span><\/div><div class=\"vc_separator wpb_content_element vc_separator_align_center vc_sep_width_100 vc_sep_style-4 vc_sep_pos_align_center vc_separator_no_text vc_sep_color_grey\" ><span class=\"vc_sep_holder vc_sep_holder_l\"><span class=\"vc_sep_line\"><\/span><\/span><span class=\"vc_sep_holder vc_sep_holder_r\"><span class=\"vc_sep_line\"><\/span><\/span>\n<\/div>\n\t<div class=\"wpb_text_column wpb_content_element\" >\n\t\t<div class=\"wpb_wrapper\">\n\t\t\t\t \n\t\t<div  class=\"bullet-list style-1  check\">\n\t\t<ul>\n<li>domy se 2 a 3 lo\u017enicemi<\/li>\n<li>otev\u0159en\u00e9 bydlen\u00ed<\/li>\n<li>designov\u00e9 kuchyn\u011b<\/li>\n<li>spole\u010dn\u00fd baz\u00e9n<\/li>\n<li>optim\u00e1ln\u00ed izolace<\/li>\n<li>ceny od 350 000 \u20ac.<\/li>\n<\/ul>\n\n\t\t<\/div>\n\t\n\n\t\t<\/div>\n\t<\/div>\n\n\t<div class=\"wpb_video_widget wpb_content_element vc_clearfix   vc_video-aspect-ratio-43 vc_video-el-width-100 vc_video-align-center\" >\n\t\t<div class=\"wpb_wrapper\">\n\t\t\t\n\t\t\t<div class=\"wpb_video_wrapper\"><div class=\"video-container\"><iframe title=\"Solana Village - Nov\u00e9 byty v La Cala Golf Resort - od 295 000 EUR\" width=\"1060\" height=\"596\" src=\"https:\/\/www.youtube.com\/embed\/fLey0-QLMuk?feature=oembed\" frameborder=\"0\" allow=\"accelerometer; autoplay; clipboard-write; encrypted-media; gyroscope; picture-in-picture; web-share\" referrerpolicy=\"strict-origin-when-cross-origin\" allowfullscreen><\/iframe><\/div><\/div>\n\t\t<\/div>\n\t<\/div>\n\n\t\t<\/div>\n\t<\/div>\n\t<\/div>\n\n<\/div>\n<\/div>\n\n<div  class=\"content_row row quote-row vc_row wpb_row  default-style fullwidth\" style=\"background-color: #fcfcfc;\">\n\t\n\t<div class=\"content_row_wrapper  fullwidth\" >\n\t<div id=\"asdasd\" class=\"vc_col-sm-12 wpb_column vc_column_container vc_custom_1644925648982\" >\n\t<div class=\"vc_column-inner\">\n\t\t<div class=\"wpb_wrapper\" >\n\t\t\t<div class=\"rt_heading_wrapper style-3\">\n\t\t\t\t\t\t<h4 class=\"rt_heading serif quote-max-width style-3\" >Informa\u010dn\u00ed bal\u00ed\u010dek Med Hills <a href=\"https:\/\/solana-village.com\/cs\/vice-informaci\/\"> Vy\u017e\u00e1dejte si bro\u017euru a nejnov\u011bj\u0161\u00ed cen\u00edk <\/a><\/h4> \n\t\t\t\t\t<\/div>\n\t\t<\/div>\n\t<\/div>\n\t<\/div>\n\n<\/div>\n<\/div>\n\n<div  class=\"content_row row vc_row wpb_row  default-style fullwidth\" >\n\t\n\t<div class=\"content_row_wrapper  default\" >\n\t<div id=\"asdasd\" class=\"vc_col-sm-12 wpb_column vc_column_container\" >\n\t<div class=\"vc_column-inner\">\n\t\t<div class=\"wpb_wrapper\" >\n\t\t\t<div class=\"button_wrapper aligncenter\"><a  href=\"\/cs\/vice-informaci\/\" target=\"_self\" title=\"&gt; v\u00edce informac\u00ed\" class=\"button_  style-2 small\">&gt; v\u00edce informac\u00ed<\/a><\/div>\n\t\t<\/div>\n\t<\/div>\n\t<\/div>\n\n<\/div>\n<\/div>\n<\/section>","protected":false},"excerpt":{"rendered":"<p>\u2026 <a class=\"more-link\" href=\"https:\/\/solana-village.com\/cs\/komplex\/\">pokra\u010dovat ve \u010dten\u00ed<\/a><\/p>","protected":false},"author":1,"featured_media":4030,"parent":0,"menu_order":3,"comment_status":"closed","ping_status":"closed","template":"","meta":{"footnotes":""},"class_list":["post-95","page","type-page","status-publish","has-post-thumbnail","hentry"],"yoast_head":"<!-- This site is optimized with the Yoast SEO plugin v26.0 - https:\/\/yoast.com\/wordpress\/plugins\/seo\/ -->\n<title>Over Solana Village - Solana Village<\/title>\n<meta name=\"robots\" content=\"index, follow, max-snippet:-1, max-image-preview:large, max-video-preview:-1\" \/>\n<link rel=\"canonical\" href=\"https:\/\/solana-village.com\/cs\/komplex\/\" \/>\n<meta property=\"og:locale\" content=\"cs_CZ\" \/>\n<meta property=\"og:type\" content=\"article\" \/>\n<meta property=\"og:title\" content=\"Over Solana Village - Solana Village\" \/>\n<meta property=\"og:url\" content=\"https:\/\/solana-village.com\/cs\/komplex\/\" \/>\n<meta property=\"og:site_name\" content=\"Solana Village\" \/>\n<meta property=\"article:modified_time\" content=\"2024-02-01T13:41:06+00:00\" \/>\n<meta property=\"og:image\" content=\"https:\/\/solana-village.com\/wp-content\/uploads\/sites\/10\/2022\/10\/Solona_property-1.jpg\" \/>\n\t<meta property=\"og:image:width\" content=\"1442\" \/>\n\t<meta property=\"og:image:height\" content=\"1080\" \/>\n\t<meta property=\"og:image:type\" content=\"image\/jpeg\" \/>\n<meta name=\"twitter:card\" content=\"summary_large_image\" \/>\n<meta name=\"twitter:label1\" content=\"Odhadovan\u00e1 doba \u010dten\u00ed\" \/>\n\t<meta name=\"twitter:data1\" content=\"3 minuty\" \/>\n<script type=\"application\/ld+json\" class=\"yoast-schema-graph\">{\"@context\":\"https:\/\/schema.org\",\"@graph\":[{\"@type\":\"WebPage\",\"@id\":\"https:\/\/solana-village.com\/het-complex\/\",\"url\":\"https:\/\/solana-village.com\/het-complex\/\",\"name\":\"Over Solana Village - Solana Village\",\"isPartOf\":{\"@id\":\"https:\/\/solana-village.com\/#website\"},\"primaryImageOfPage\":{\"@id\":\"https:\/\/solana-village.com\/het-complex\/#primaryimage\"},\"image\":{\"@id\":\"https:\/\/solana-village.com\/het-complex\/#primaryimage\"},\"thumbnailUrl\":\"https:\/\/solana-village.com\/wp-content\/uploads\/sites\/10\/2022\/10\/Solona_property-1.jpg\",\"datePublished\":\"2022-01-27T10:58:29+00:00\",\"dateModified\":\"2024-02-01T13:41:06+00:00\",\"breadcrumb\":{\"@id\":\"https:\/\/solana-village.com\/het-complex\/#breadcrumb\"},\"inLanguage\":\"cs\",\"potentialAction\":[{\"@type\":\"ReadAction\",\"target\":[\"https:\/\/solana-village.com\/het-complex\/\"]}]},{\"@type\":\"ImageObject\",\"inLanguage\":\"cs\",\"@id\":\"https:\/\/solana-village.com\/het-complex\/#primaryimage\",\"url\":\"https:\/\/solana-village.com\/wp-content\/uploads\/sites\/10\/2022\/10\/Solona_property-1.jpg\",\"contentUrl\":\"https:\/\/solana-village.com\/wp-content\/uploads\/sites\/10\/2022\/10\/Solona_property-1.jpg\",\"width\":1442,\"height\":1080},{\"@type\":\"BreadcrumbList\",\"@id\":\"https:\/\/solana-village.com\/het-complex\/#breadcrumb\",\"itemListElement\":[{\"@type\":\"ListItem\",\"position\":1,\"name\":\"Home\",\"item\":\"https:\/\/solana-village.com\/\"},{\"@type\":\"ListItem\",\"position\":2,\"name\":\"Over Solana Village\"}]},{\"@type\":\"WebSite\",\"@id\":\"https:\/\/solana-village.com\/#website\",\"url\":\"https:\/\/solana-village.com\/\",\"name\":\"Solana Village\",\"description\":\"\",\"potentialAction\":[{\"@type\":\"SearchAction\",\"target\":{\"@type\":\"EntryPoint\",\"urlTemplate\":\"https:\/\/solana-village.com\/?s={search_term_string}\"},\"query-input\":{\"@type\":\"PropertyValueSpecification\",\"valueRequired\":true,\"valueName\":\"search_term_string\"}}],\"inLanguage\":\"cs\"}]}<\/script>\n<!-- \/ Yoast SEO plugin. -->","yoast_head_json":{"title":"O Solana Village - Solana Village","robots":{"index":"index","follow":"follow","max-snippet":"max-snippet:-1","max-image-preview":"max-image-preview:large","max-video-preview":"max-video-preview:-1"},"canonical":"https:\/\/solana-village.com\/cs\/komplex\/","og_locale":"cs_CZ","og_type":"article","og_title":"Over Solana Village - Solana Village","og_url":"https:\/\/solana-village.com\/cs\/komplex\/","og_site_name":"Solana Village","article_modified_time":"2024-02-01T13:41:06+00:00","og_image":[{"width":1442,"height":1080,"url":"https:\/\/solana-village.com\/wp-content\/uploads\/sites\/10\/2022\/10\/Solona_property-1.jpg","type":"image\/jpeg"}],"twitter_card":"summary_large_image","twitter_misc":{"Odhadovan\u00e1 doba \u010dten\u00ed":"3 minuty"},"schema":{"@context":"https:\/\/schema.org","@graph":[{"@type":"WebPage","@id":"https:\/\/solana-village.com\/het-complex\/","url":"https:\/\/solana-village.com\/het-complex\/","name":"O Solana Village - Solana Village","isPartOf":{"@id":"https:\/\/solana-village.com\/#website"},"primaryImageOfPage":{"@id":"https:\/\/solana-village.com\/het-complex\/#primaryimage"},"image":{"@id":"https:\/\/solana-village.com\/het-complex\/#primaryimage"},"thumbnailUrl":"https:\/\/solana-village.com\/wp-content\/uploads\/sites\/10\/2022\/10\/Solona_property-1.jpg","datePublished":"2022-01-27T10:58:29+00:00","dateModified":"2024-02-01T13:41:06+00:00","breadcrumb":{"@id":"https:\/\/solana-village.com\/het-complex\/#breadcrumb"},"inLanguage":"cs","potentialAction":[{"@type":"ReadAction","target":["https:\/\/solana-village.com\/het-complex\/"]}]},{"@type":"ImageObject","inLanguage":"cs","@id":"https:\/\/solana-village.com\/het-complex\/#primaryimage","url":"https:\/\/solana-village.com\/wp-content\/uploads\/sites\/10\/2022\/10\/Solona_property-1.jpg","contentUrl":"https:\/\/solana-village.com\/wp-content\/uploads\/sites\/10\/2022\/10\/Solona_property-1.jpg","width":1442,"height":1080},{"@type":"BreadcrumbList","@id":"https:\/\/solana-village.com\/het-complex\/#breadcrumb","itemListElement":[{"@type":"ListItem","position":1,"name":"Home","item":"https:\/\/solana-village.com\/"},{"@type":"ListItem","position":2,"name":"Over Solana Village"}]},{"@type":"WebSite","@id":"https:\/\/solana-village.com\/#website","url":"https:\/\/solana-village.com\/","name":"Vesnice Solana","description":"","potentialAction":[{"@type":"SearchAction","target":{"@type":"EntryPoint","urlTemplate":"https:\/\/solana-village.com\/?s={search_term_string}"},"query-input":{"@type":"PropertyValueSpecification","valueRequired":true,"valueName":"search_term_string"}}],"inLanguage":"cs"}]}},"_links":{"self":[{"href":"https:\/\/solana-village.com\/cs\/wp-json\/wp\/v2\/pages\/95","targetHints":{"allow":["GET"]}}],"collection":[{"href":"https:\/\/solana-village.com\/cs\/wp-json\/wp\/v2\/pages"}],"about":[{"href":"https:\/\/solana-village.com\/cs\/wp-json\/wp\/v2\/types\/page"}],"author":[{"embeddable":true,"href":"https:\/\/solana-village.com\/cs\/wp-json\/wp\/v2\/users\/1"}],"replies":[{"embeddable":true,"href":"https:\/\/solana-village.com\/cs\/wp-json\/wp\/v2\/comments?post=95"}],"version-history":[{"count":27,"href":"https:\/\/solana-village.com\/cs\/wp-json\/wp\/v2\/pages\/95\/revisions"}],"predecessor-version":[{"id":4127,"href":"https:\/\/solana-village.com\/cs\/wp-json\/wp\/v2\/pages\/95\/revisions\/4127"}],"wp:featuredmedia":[{"embeddable":true,"href":"https:\/\/solana-village.com\/cs\/wp-json\/wp\/v2\/media\/4030"}],"wp:attachment":[{"href":"https:\/\/solana-village.com\/cs\/wp-json\/wp\/v2\/media?parent=95"}],"curies":[{"name":"wp","href":"https:\/\/api.w.org\/{rel}","templated":true}]}}