{"id":95,"date":"2022-01-27T10:58:29","date_gmt":"2022-01-27T10:58:29","guid":{"rendered":"http:\/\/cognito.mprinsdesign.nl\/?page_id=95"},"modified":"2024-02-01T13:41:06","modified_gmt":"2024-02-01T13:41:06","slug":"il-complesso","status":"publish","type":"page","link":"https:\/\/solana-village.com\/it\/il-complesso\/","title":{"rendered":"Informazioni sul villaggio di Solana"},"content":{"rendered":"<section class=\"wpb-content-wrapper\"><div  class=\"content_row row page-content vc_row wpb_row  default-style fullwidth\" >\n\t\n\t<div class=\"content_row_wrapper  default\" >\n\t<div id=\"asdasd\" class=\"vc_col-sm-12 wpb_column vc_column_container\" >\n\t<div class=\"vc_column-inner\">\n\t\t<div class=\"wpb_wrapper\" >\n\t\t\t<div class=\"rt_heading_wrapper no-style\">\n\t\t\t\t\t\t<h1 class=\"rt_heading  no-style\"  style=\"font-size:24px;margin-top:24px;margin-bottom:0px;\">Villaggio Solana \u2013 <span class=\"after_h1\">Nuova costruzione in splendida posizione con vista unica a La Cala de Mijas..<\/span><\/h1> \n\t\t\t\t\t<\/div><div class=\"vc_empty_space\"   style=\"height: 32px\"><span class=\"vc_empty_space_inner\"><\/span><\/div><div class=\"vc_separator wpb_content_element vc_separator_align_center vc_sep_width_100 vc_sep_style-4 vc_sep_pos_align_center vc_separator_no_text vc_sep_color_grey\" ><span class=\"vc_sep_holder vc_sep_holder_l\"><span class=\"vc_sep_line\"><\/span><\/span><span class=\"vc_sep_holder vc_sep_holder_r\"><span class=\"vc_sep_line\"><\/span><\/span>\n<\/div><div class=\"vc_empty_space\"   style=\"height: 32px\"><span class=\"vc_empty_space_inner\"><\/span><\/div>\n\t<div class=\"wpb_text_column wpb_content_element\" >\n\t\t<div class=\"wpb_wrapper\">\n\t\t\t<div class=\"\">\n<p>Questo costruttore continua in ogni circostanza con nuovi progetti in splendide localit\u00e0. Anche gli appartamenti e gli attici di questo complesso verranno sicuramente venduti rapidamente. Chi non desidererebbe un appartamento bello e spazioso con un ampio terrazzo, situato nel verde con una vista unica sulle colline e sui fairway di un campo da golf di prima classe fino al mare?<\/p>\n<p>Gli appartamenti sono pienamente in linea con lo stile odierno con un soggiorno a pianta aperta e una cucina di design. Isolamento ottimale sia dal punto di vista termico che acustico, un sistema aerotermico per l&#039;acqua calda e ovviamente un garage privato e un ripostiglio.<\/p>\n<p>Naturalmente anche una piscina comunale.<\/p>\n<p>I primi passi nella costruzione sono gi\u00e0 stati fatti perch\u00e9 \u00e8 stato ottenuto il permesso di costruzione e la consegna \u00e8 gi\u00e0 prevista per il 3\u00b0 trimestre del 2022. E la nostra esperienza con i progetti precedenti di questo costruttore ci dice che questa non \u00e8 una promessa vuota!<\/p>\n<h2><\/h2>\n<h2>Informazioni sui prezzi<\/h2>\n<p>Appartamenti da \u20ac 370.000<\/p>\n<p>Desideri ricevere le ultime informazioni su disponibilit\u00e0 e prezzi? Chiedici <a href=\"https:\/\/solana-village.com\/it\/maggiori-informazioni\/\"><strong>pacchetto informativo con informazioni dettagliate e opuscolo su &gt;&gt;&gt;<\/strong><\/a><\/p>\n<p>Hai una domanda specifica o desideri fissare un appuntamento? Chiama Ron de Vries al +34 677 67 04 80<\/p>\n<\/div>\n\n\t\t<\/div>\n\t<\/div>\n\n\t\t<\/div>\n\t<\/div>\n\t<\/div>\n\n<\/div>\n<\/div>\n\n<div  class=\"content_row row page-content vc_row wpb_row  default-style fullwidth\" style=\"background-color: #bbac8c;\">\n\t\n\t<div class=\"content_row_wrapper  default\" >\n\t<div id=\"asdasd\" class=\"vc_col-sm-12 wpb_column vc_column_container\" >\n\t<div class=\"vc_column-inner\">\n\t\t<div class=\"wpb_wrapper\" >\n\t\t\t<div class=\"rt_heading_wrapper no-style\">\n\t\t\t\t\t\t<h1 class=\"rt_heading  no-style\"  style=\"font-size:24px;margin-top:24px;margin-bottom:0px;\">Caratteristiche - <span class=\"after_h1 white\">Villa Solana \u2013 La Cala Golf<\/span><\/h1> \n\t\t\t\t\t<\/div><div class=\"vc_empty_space\"   style=\"height: 32px\"><span class=\"vc_empty_space_inner\"><\/span><\/div><div class=\"vc_separator wpb_content_element vc_separator_align_center vc_sep_width_100 vc_sep_style-4 vc_sep_pos_align_center vc_separator_no_text vc_sep_color_grey\" ><span class=\"vc_sep_holder vc_sep_holder_l\"><span class=\"vc_sep_line\"><\/span><\/span><span class=\"vc_sep_holder vc_sep_holder_r\"><span class=\"vc_sep_line\"><\/span><\/span>\n<\/div>\n\t<div class=\"wpb_text_column wpb_content_element\" >\n\t\t<div class=\"wpb_wrapper\">\n\t\t\t\t \n\t\t<div  class=\"bullet-list style-1  check\">\n\t\t<ul>\n<li>case con 2 e 3 camere da letto<\/li>\n<li>vita a pianta aperta<\/li>\n<li>cucine di design<\/li>\n<li>piscina comunale<\/li>\n<li>isolamento ottimale<\/li>\n<li>prezzi a partire da \u20ac 350.000.<\/li>\n<\/ul>\n\n\t\t<\/div>\n\t\n\n\t\t<\/div>\n\t<\/div>\n\n\t<div class=\"wpb_video_widget wpb_content_element vc_clearfix   vc_video-aspect-ratio-43 vc_video-el-width-100 vc_video-align-center\" >\n\t\t<div class=\"wpb_wrapper\">\n\t\t\t\n\t\t\t<div class=\"wpb_video_wrapper\"><div class=\"video-container\"><iframe title=\"Solana Village - Appartamenti di nuova costruzione al La Cala Golf Resort - A partire da \u20ac 295.000\" width=\"1060\" height=\"596\" src=\"https:\/\/www.youtube.com\/embed\/fLey0-QLMuk?feature=oembed\" frameborder=\"0\" allow=\"accelerometer; autoplay; clipboard-write; encrypted-media; gyroscope; picture-in-picture; web-share\" referrerpolicy=\"strict-origin-when-cross-origin\" allowfullscreen><\/iframe><\/div><\/div>\n\t\t<\/div>\n\t<\/div>\n\n\t\t<\/div>\n\t<\/div>\n\t<\/div>\n\n<\/div>\n<\/div>\n\n<div  class=\"content_row row quote-row vc_row wpb_row  default-style fullwidth\" style=\"background-color: #fcfcfc;\">\n\t\n\t<div class=\"content_row_wrapper  fullwidth\" >\n\t<div id=\"asdasd\" class=\"vc_col-sm-12 wpb_column vc_column_container vc_custom_1644925648982\" >\n\t<div class=\"vc_column-inner\">\n\t\t<div class=\"wpb_wrapper\" >\n\t\t\t<div class=\"rt_heading_wrapper style-3\">\n\t\t\t\t\t\t<h4 class=\"rt_heading serif quote-max-width style-3\" >Pacchetto informativo Med Hills <a href=\"https:\/\/solana-village.com\/it\/maggiori-informazioni\/\"> Richiedi la brochure e il listino prezzi aggiornato <\/a><\/h4> \n\t\t\t\t\t<\/div>\n\t\t<\/div>\n\t<\/div>\n\t<\/div>\n\n<\/div>\n<\/div>\n\n<div  class=\"content_row row vc_row wpb_row  default-style fullwidth\" >\n\t\n\t<div class=\"content_row_wrapper  default\" >\n\t<div id=\"asdasd\" class=\"vc_col-sm-12 wpb_column vc_column_container\" >\n\t<div class=\"vc_column-inner\">\n\t\t<div class=\"wpb_wrapper\" >\n\t\t\t<div class=\"button_wrapper aligncenter\"><a  href=\"\/it\/maggiori-informazioni\/\" target=\"_self\" title=\"&gt; maggiori informazioni\" class=\"button_  style-2 small\">&gt; maggiori informazioni<\/a><\/div>\n\t\t<\/div>\n\t<\/div>\n\t<\/div>\n\n<\/div>\n<\/div>\n<\/section>","protected":false},"excerpt":{"rendered":"<p>\u2026 <a class=\"more-link\" href=\"https:\/\/solana-village.com\/it\/il-complesso\/\">Continua a leggere<\/a><\/p>","protected":false},"author":1,"featured_media":4030,"parent":0,"menu_order":3,"comment_status":"closed","ping_status":"closed","template":"","meta":{"footnotes":""},"class_list":["post-95","page","type-page","status-publish","has-post-thumbnail","hentry"],"yoast_head":"<!-- This site is optimized with the Yoast SEO plugin v26.0 - https:\/\/yoast.com\/wordpress\/plugins\/seo\/ -->\n<title>Over Solana Village - Solana Village<\/title>\n<meta name=\"robots\" content=\"index, follow, max-snippet:-1, max-image-preview:large, max-video-preview:-1\" \/>\n<link rel=\"canonical\" href=\"https:\/\/solana-village.com\/it\/il-complesso\/\" \/>\n<meta property=\"og:locale\" content=\"it_IT\" \/>\n<meta property=\"og:type\" content=\"article\" \/>\n<meta property=\"og:title\" content=\"Over Solana Village - Solana Village\" \/>\n<meta property=\"og:url\" content=\"https:\/\/solana-village.com\/it\/il-complesso\/\" \/>\n<meta property=\"og:site_name\" content=\"Solana Village\" \/>\n<meta property=\"article:modified_time\" content=\"2024-02-01T13:41:06+00:00\" \/>\n<meta property=\"og:image\" content=\"https:\/\/solana-village.com\/wp-content\/uploads\/sites\/10\/2022\/10\/Solona_property-1.jpg\" \/>\n\t<meta property=\"og:image:width\" content=\"1442\" \/>\n\t<meta property=\"og:image:height\" content=\"1080\" \/>\n\t<meta property=\"og:image:type\" content=\"image\/jpeg\" \/>\n<meta name=\"twitter:card\" content=\"summary_large_image\" \/>\n<meta name=\"twitter:label1\" content=\"Tempo di lettura stimato\" \/>\n\t<meta name=\"twitter:data1\" content=\"3 minuti\" \/>\n<script type=\"application\/ld+json\" class=\"yoast-schema-graph\">{\"@context\":\"https:\/\/schema.org\",\"@graph\":[{\"@type\":\"WebPage\",\"@id\":\"https:\/\/solana-village.com\/het-complex\/\",\"url\":\"https:\/\/solana-village.com\/het-complex\/\",\"name\":\"Over Solana Village - Solana Village\",\"isPartOf\":{\"@id\":\"https:\/\/solana-village.com\/#website\"},\"primaryImageOfPage\":{\"@id\":\"https:\/\/solana-village.com\/het-complex\/#primaryimage\"},\"image\":{\"@id\":\"https:\/\/solana-village.com\/het-complex\/#primaryimage\"},\"thumbnailUrl\":\"https:\/\/solana-village.com\/wp-content\/uploads\/sites\/10\/2022\/10\/Solona_property-1.jpg\",\"datePublished\":\"2022-01-27T10:58:29+00:00\",\"dateModified\":\"2024-02-01T13:41:06+00:00\",\"breadcrumb\":{\"@id\":\"https:\/\/solana-village.com\/het-complex\/#breadcrumb\"},\"inLanguage\":\"it-IT\",\"potentialAction\":[{\"@type\":\"ReadAction\",\"target\":[\"https:\/\/solana-village.com\/het-complex\/\"]}]},{\"@type\":\"ImageObject\",\"inLanguage\":\"it-IT\",\"@id\":\"https:\/\/solana-village.com\/het-complex\/#primaryimage\",\"url\":\"https:\/\/solana-village.com\/wp-content\/uploads\/sites\/10\/2022\/10\/Solona_property-1.jpg\",\"contentUrl\":\"https:\/\/solana-village.com\/wp-content\/uploads\/sites\/10\/2022\/10\/Solona_property-1.jpg\",\"width\":1442,\"height\":1080},{\"@type\":\"BreadcrumbList\",\"@id\":\"https:\/\/solana-village.com\/het-complex\/#breadcrumb\",\"itemListElement\":[{\"@type\":\"ListItem\",\"position\":1,\"name\":\"Home\",\"item\":\"https:\/\/solana-village.com\/\"},{\"@type\":\"ListItem\",\"position\":2,\"name\":\"Over Solana Village\"}]},{\"@type\":\"WebSite\",\"@id\":\"https:\/\/solana-village.com\/#website\",\"url\":\"https:\/\/solana-village.com\/\",\"name\":\"Solana Village\",\"description\":\"\",\"potentialAction\":[{\"@type\":\"SearchAction\",\"target\":{\"@type\":\"EntryPoint\",\"urlTemplate\":\"https:\/\/solana-village.com\/?s={search_term_string}\"},\"query-input\":{\"@type\":\"PropertyValueSpecification\",\"valueRequired\":true,\"valueName\":\"search_term_string\"}}],\"inLanguage\":\"it-IT\"}]}<\/script>\n<!-- \/ Yoast SEO plugin. -->","yoast_head_json":{"title":"Informazioni su Solana Village - Solana Village","robots":{"index":"index","follow":"follow","max-snippet":"max-snippet:-1","max-image-preview":"max-image-preview:large","max-video-preview":"max-video-preview:-1"},"canonical":"https:\/\/solana-village.com\/it\/il-complesso\/","og_locale":"it_IT","og_type":"article","og_title":"Over Solana Village - Solana Village","og_url":"https:\/\/solana-village.com\/it\/il-complesso\/","og_site_name":"Solana Village","article_modified_time":"2024-02-01T13:41:06+00:00","og_image":[{"width":1442,"height":1080,"url":"https:\/\/solana-village.com\/wp-content\/uploads\/sites\/10\/2022\/10\/Solona_property-1.jpg","type":"image\/jpeg"}],"twitter_card":"summary_large_image","twitter_misc":{"Tempo di lettura stimato":"3 minuti"},"schema":{"@context":"https:\/\/schema.org","@graph":[{"@type":"WebPage","@id":"https:\/\/solana-village.com\/het-complex\/","url":"https:\/\/solana-village.com\/het-complex\/","name":"Informazioni su Solana Village - Solana Village","isPartOf":{"@id":"https:\/\/solana-village.com\/#website"},"primaryImageOfPage":{"@id":"https:\/\/solana-village.com\/het-complex\/#primaryimage"},"image":{"@id":"https:\/\/solana-village.com\/het-complex\/#primaryimage"},"thumbnailUrl":"https:\/\/solana-village.com\/wp-content\/uploads\/sites\/10\/2022\/10\/Solona_property-1.jpg","datePublished":"2022-01-27T10:58:29+00:00","dateModified":"2024-02-01T13:41:06+00:00","breadcrumb":{"@id":"https:\/\/solana-village.com\/het-complex\/#breadcrumb"},"inLanguage":"it-IT","potentialAction":[{"@type":"ReadAction","target":["https:\/\/solana-village.com\/het-complex\/"]}]},{"@type":"ImageObject","inLanguage":"it-IT","@id":"https:\/\/solana-village.com\/het-complex\/#primaryimage","url":"https:\/\/solana-village.com\/wp-content\/uploads\/sites\/10\/2022\/10\/Solona_property-1.jpg","contentUrl":"https:\/\/solana-village.com\/wp-content\/uploads\/sites\/10\/2022\/10\/Solona_property-1.jpg","width":1442,"height":1080},{"@type":"BreadcrumbList","@id":"https:\/\/solana-village.com\/het-complex\/#breadcrumb","itemListElement":[{"@type":"ListItem","position":1,"name":"Home","item":"https:\/\/solana-village.com\/"},{"@type":"ListItem","position":2,"name":"Over Solana Village"}]},{"@type":"WebSite","@id":"https:\/\/solana-village.com\/#website","url":"https:\/\/solana-village.com\/","name":"Villaggio Solana","description":"","potentialAction":[{"@type":"SearchAction","target":{"@type":"EntryPoint","urlTemplate":"https:\/\/solana-village.com\/?s={search_term_string}"},"query-input":{"@type":"PropertyValueSpecification","valueRequired":true,"valueName":"search_term_string"}}],"inLanguage":"it-IT"}]}},"_links":{"self":[{"href":"https:\/\/solana-village.com\/it\/wp-json\/wp\/v2\/pages\/95","targetHints":{"allow":["GET"]}}],"collection":[{"href":"https:\/\/solana-village.com\/it\/wp-json\/wp\/v2\/pages"}],"about":[{"href":"https:\/\/solana-village.com\/it\/wp-json\/wp\/v2\/types\/page"}],"author":[{"embeddable":true,"href":"https:\/\/solana-village.com\/it\/wp-json\/wp\/v2\/users\/1"}],"replies":[{"embeddable":true,"href":"https:\/\/solana-village.com\/it\/wp-json\/wp\/v2\/comments?post=95"}],"version-history":[{"count":27,"href":"https:\/\/solana-village.com\/it\/wp-json\/wp\/v2\/pages\/95\/revisions"}],"predecessor-version":[{"id":4127,"href":"https:\/\/solana-village.com\/it\/wp-json\/wp\/v2\/pages\/95\/revisions\/4127"}],"wp:featuredmedia":[{"embeddable":true,"href":"https:\/\/solana-village.com\/it\/wp-json\/wp\/v2\/media\/4030"}],"wp:attachment":[{"href":"https:\/\/solana-village.com\/it\/wp-json\/wp\/v2\/media?parent=95"}],"curies":[{"name":"wp","href":"https:\/\/api.w.org\/{rel}","templated":true}]}}