{"id":95,"date":"2022-01-27T10:58:29","date_gmt":"2022-01-27T10:58:29","guid":{"rendered":"http:\/\/cognito.mprinsdesign.nl\/?page_id=95"},"modified":"2024-02-01T13:41:06","modified_gmt":"2024-02-01T13:41:06","slug":"kompleks","status":"publish","type":"page","link":"https:\/\/solana-village.com\/pl\/kompleks\/","title":{"rendered":"O wiosce Solana"},"content":{"rendered":"<section class=\"wpb-content-wrapper\"><div  class=\"content_row row page-content vc_row wpb_row  default-style fullwidth\" >\n\t\n\t<div class=\"content_row_wrapper  default\" >\n\t<div id=\"asdasd\" class=\"vc_col-sm-12 wpb_column vc_column_container\" >\n\t<div class=\"vc_column-inner\">\n\t\t<div class=\"wpb_wrapper\" >\n\t\t\t<div class=\"rt_heading_wrapper no-style\">\n\t\t\t\t\t\t<h1 class=\"rt_heading  no-style\"  style=\"font-size:24px;margin-top:24px;margin-bottom:0px;\">Wioska Solana \u2013 <span class=\"after_h1\">Pi\u0119knie po\u0142o\u017cona nowa konstrukcja z wyj\u0105tkowymi widokami w La Cala de Mijas..<\/span><\/h1> \n\t\t\t\t\t<\/div><div class=\"vc_empty_space\"   style=\"height: 32px\"><span class=\"vc_empty_space_inner\"><\/span><\/div><div class=\"vc_separator wpb_content_element vc_separator_align_center vc_sep_width_100 vc_sep_style-4 vc_sep_pos_align_center vc_separator_no_text vc_sep_color_grey\" ><span class=\"vc_sep_holder vc_sep_holder_l\"><span class=\"vc_sep_line\"><\/span><\/span><span class=\"vc_sep_holder vc_sep_holder_r\"><span class=\"vc_sep_line\"><\/span><\/span>\n<\/div><div class=\"vc_empty_space\"   style=\"height: 32px\"><span class=\"vc_empty_space_inner\"><\/span><\/div>\n\t<div class=\"wpb_text_column wpb_content_element\" >\n\t\t<div class=\"wpb_wrapper\">\n\t\t\t<div class=\"\">\n<p>Ten budowniczy kontynuuje w ka\u017cdych okoliczno\u015bciach nowe projekty w pi\u0119knych lokalizacjach. Mieszkania i penthouse&#039;y w tym kompleksie bez w\u0105tpienia r\u00f3wnie\u017c szybko si\u0119 sprzedaj\u0105. Kto nie chcia\u0142by mie\u0107 \u0142adnego i przestronnego apartamentu z du\u017cym tarasem, po\u0142o\u017conego w zieleni z niepowtarzalnym widokiem na wzg\u00f3rza i tory wodne pierwszorz\u0119dnego pola golfowego do morza?<\/p>\n<p>Apartamenty s\u0105 ca\u0142kowicie zgodne z dzisiejszym stylem z salonem na otwartym planie i designersk\u0105 kuchni\u0105. Optymalna izolacja zar\u00f3wno pod wzgl\u0119dem temperatury, jak i d\u017awi\u0119ku, system aerotermiczny do ciep\u0142ej wody i oczywi\u015bcie prywatne miejsce gara\u017cowe i kom\u00f3rka lokatorska.<\/p>\n<p>Oczywi\u015bcie tak\u017ce basen komunalny.<\/p>\n<p>Pierwsze kroki w budowie zosta\u0142y ju\u017c postawione, poniewa\u017c uzyskano pozwolenie na budow\u0119, a termin oddania jest ju\u017c zaplanowany na III kwarta\u0142 2022 roku. A nasze do\u015bwiadczenie z poprzednimi realizacjami tego dewelopera jest takie, \u017ce nie jest to pusta obietnica!<\/p>\n<h2><\/h2>\n<h2>Informacje o cenach<\/h2>\n<p>Mieszkania od 370 000 \u20ac<\/p>\n<p>Chcesz otrzymywa\u0107 naj\u015bwie\u017csze informacje o dost\u0119pno\u015bci i cenach? Zapytaj nas <a href=\"https:\/\/solana-village.com\/pl\/wiecej-informacji\/\"><strong>pakiet informacyjny zawieraj\u0105cy obszerne informacje i broszur\u0119 pod adresem &gt;&gt;&gt;<\/strong><\/a><\/p>\n<p>Masz konkretne pytanie lub chcesz um\u00f3wi\u0107 si\u0119 na spotkanie? Zadzwo\u0144 do Rona de Vriesa pod numer +34 677 67 04 80<\/p>\n<\/div>\n\n\t\t<\/div>\n\t<\/div>\n\n\t\t<\/div>\n\t<\/div>\n\t<\/div>\n\n<\/div>\n<\/div>\n\n<div  class=\"content_row row page-content vc_row wpb_row  default-style fullwidth\" style=\"background-color: #bbac8c;\">\n\t\n\t<div class=\"content_row_wrapper  default\" >\n\t<div id=\"asdasd\" class=\"vc_col-sm-12 wpb_column vc_column_container\" >\n\t<div class=\"vc_column-inner\">\n\t\t<div class=\"wpb_wrapper\" >\n\t\t\t<div class=\"rt_heading_wrapper no-style\">\n\t\t\t\t\t\t<h1 class=\"rt_heading  no-style\"  style=\"font-size:24px;margin-top:24px;margin-bottom:0px;\">Cechy - <span class=\"after_h1 white\">Willa Solana \u2013 pole golfowe La Cala<\/span><\/h1> \n\t\t\t\t\t<\/div><div class=\"vc_empty_space\"   style=\"height: 32px\"><span class=\"vc_empty_space_inner\"><\/span><\/div><div class=\"vc_separator wpb_content_element vc_separator_align_center vc_sep_width_100 vc_sep_style-4 vc_sep_pos_align_center vc_separator_no_text vc_sep_color_grey\" ><span class=\"vc_sep_holder vc_sep_holder_l\"><span class=\"vc_sep_line\"><\/span><\/span><span class=\"vc_sep_holder vc_sep_holder_r\"><span class=\"vc_sep_line\"><\/span><\/span>\n<\/div>\n\t<div class=\"wpb_text_column wpb_content_element\" >\n\t\t<div class=\"wpb_wrapper\">\n\t\t\t\t \n\t\t<div  class=\"bullet-list style-1  check\">\n\t\t<ul>\n<li>domy z 2 i 3 sypialniami<\/li>\n<li>mieszkanie na otwartym planie<\/li>\n<li>designerskie kuchnie<\/li>\n<li>basen komunalny<\/li>\n<li>optymalna izolacja<\/li>\n<li>ceny od 350 000 \u20ac.<\/li>\n<\/ul>\n\n\t\t<\/div>\n\t\n\n\t\t<\/div>\n\t<\/div>\n\n\t<div class=\"wpb_video_widget wpb_content_element vc_clearfix   vc_video-aspect-ratio-43 vc_video-el-width-100 vc_video-align-center\" >\n\t\t<div class=\"wpb_wrapper\">\n\t\t\t\n\t\t\t<div class=\"wpb_video_wrapper\"><div class=\"video-container\"><iframe title=\"Solana Village - Nowo wybudowane apartamenty w La Cala Golf Resort - Od 295 000 \u20ac\" width=\"1060\" height=\"596\" src=\"https:\/\/www.youtube.com\/embed\/fLey0-QLMuk?feature=oembed\" frameborder=\"0\" allow=\"accelerometer; autoplay; clipboard-write; encrypted-media; gyroscope; picture-in-picture; web-share\" referrerpolicy=\"strict-origin-when-cross-origin\" allowfullscreen><\/iframe><\/div><\/div>\n\t\t<\/div>\n\t<\/div>\n\n\t\t<\/div>\n\t<\/div>\n\t<\/div>\n\n<\/div>\n<\/div>\n\n<div  class=\"content_row row quote-row vc_row wpb_row  default-style fullwidth\" style=\"background-color: #fcfcfc;\">\n\t\n\t<div class=\"content_row_wrapper  fullwidth\" >\n\t<div id=\"asdasd\" class=\"vc_col-sm-12 wpb_column vc_column_container vc_custom_1644925648982\" >\n\t<div class=\"vc_column-inner\">\n\t\t<div class=\"wpb_wrapper\" >\n\t\t\t<div class=\"rt_heading_wrapper style-3\">\n\t\t\t\t\t\t<h4 class=\"rt_heading serif quote-max-width style-3\" >Pakiet informacyjny Med Hills <a href=\"https:\/\/solana-village.com\/pl\/wiecej-informacji\/\"> Popro\u015b o broszur\u0119 i aktualny cennik <\/a><\/h4> \n\t\t\t\t\t<\/div>\n\t\t<\/div>\n\t<\/div>\n\t<\/div>\n\n<\/div>\n<\/div>\n\n<div  class=\"content_row row vc_row wpb_row  default-style fullwidth\" >\n\t\n\t<div class=\"content_row_wrapper  default\" >\n\t<div id=\"asdasd\" class=\"vc_col-sm-12 wpb_column vc_column_container\" >\n\t<div class=\"vc_column-inner\">\n\t\t<div class=\"wpb_wrapper\" >\n\t\t\t<div class=\"button_wrapper aligncenter\"><a  href=\"\/pl\/wiecej-informacji\/\" target=\"_self\" title=\"&gt; wi\u0119cej informacji\" class=\"button_  style-2 small\">&gt; wi\u0119cej informacji<\/a><\/div>\n\t\t<\/div>\n\t<\/div>\n\t<\/div>\n\n<\/div>\n<\/div>\n<\/section>","protected":false},"excerpt":{"rendered":"<p>\u2026 <a class=\"more-link\" href=\"https:\/\/solana-village.com\/pl\/kompleks\/\">Kontynuuj czytanie<\/a><\/p>","protected":false},"author":1,"featured_media":4030,"parent":0,"menu_order":3,"comment_status":"closed","ping_status":"closed","template":"","meta":{"footnotes":""},"class_list":["post-95","page","type-page","status-publish","has-post-thumbnail","hentry"],"yoast_head":"<!-- This site is optimized with the Yoast SEO plugin v26.0 - https:\/\/yoast.com\/wordpress\/plugins\/seo\/ -->\n<title>Over Solana Village - Solana Village<\/title>\n<meta name=\"robots\" content=\"index, follow, max-snippet:-1, max-image-preview:large, max-video-preview:-1\" \/>\n<link rel=\"canonical\" href=\"https:\/\/solana-village.com\/pl\/kompleks\/\" \/>\n<meta property=\"og:locale\" content=\"pl_PL\" \/>\n<meta property=\"og:type\" content=\"article\" \/>\n<meta property=\"og:title\" content=\"Over Solana Village - Solana Village\" \/>\n<meta property=\"og:url\" content=\"https:\/\/solana-village.com\/pl\/kompleks\/\" \/>\n<meta property=\"og:site_name\" content=\"Solana Village\" \/>\n<meta property=\"article:modified_time\" content=\"2024-02-01T13:41:06+00:00\" \/>\n<meta property=\"og:image\" content=\"https:\/\/solana-village.com\/wp-content\/uploads\/sites\/10\/2022\/10\/Solona_property-1.jpg\" \/>\n\t<meta property=\"og:image:width\" content=\"1442\" \/>\n\t<meta property=\"og:image:height\" content=\"1080\" \/>\n\t<meta property=\"og:image:type\" content=\"image\/jpeg\" \/>\n<meta name=\"twitter:card\" content=\"summary_large_image\" \/>\n<meta name=\"twitter:label1\" content=\"Szacowany czas czytania\" \/>\n\t<meta name=\"twitter:data1\" content=\"3 minuty\" \/>\n<script type=\"application\/ld+json\" class=\"yoast-schema-graph\">{\"@context\":\"https:\/\/schema.org\",\"@graph\":[{\"@type\":\"WebPage\",\"@id\":\"https:\/\/solana-village.com\/het-complex\/\",\"url\":\"https:\/\/solana-village.com\/het-complex\/\",\"name\":\"Over Solana Village - Solana Village\",\"isPartOf\":{\"@id\":\"https:\/\/solana-village.com\/#website\"},\"primaryImageOfPage\":{\"@id\":\"https:\/\/solana-village.com\/het-complex\/#primaryimage\"},\"image\":{\"@id\":\"https:\/\/solana-village.com\/het-complex\/#primaryimage\"},\"thumbnailUrl\":\"https:\/\/solana-village.com\/wp-content\/uploads\/sites\/10\/2022\/10\/Solona_property-1.jpg\",\"datePublished\":\"2022-01-27T10:58:29+00:00\",\"dateModified\":\"2024-02-01T13:41:06+00:00\",\"breadcrumb\":{\"@id\":\"https:\/\/solana-village.com\/het-complex\/#breadcrumb\"},\"inLanguage\":\"pl-PL\",\"potentialAction\":[{\"@type\":\"ReadAction\",\"target\":[\"https:\/\/solana-village.com\/het-complex\/\"]}]},{\"@type\":\"ImageObject\",\"inLanguage\":\"pl-PL\",\"@id\":\"https:\/\/solana-village.com\/het-complex\/#primaryimage\",\"url\":\"https:\/\/solana-village.com\/wp-content\/uploads\/sites\/10\/2022\/10\/Solona_property-1.jpg\",\"contentUrl\":\"https:\/\/solana-village.com\/wp-content\/uploads\/sites\/10\/2022\/10\/Solona_property-1.jpg\",\"width\":1442,\"height\":1080},{\"@type\":\"BreadcrumbList\",\"@id\":\"https:\/\/solana-village.com\/het-complex\/#breadcrumb\",\"itemListElement\":[{\"@type\":\"ListItem\",\"position\":1,\"name\":\"Home\",\"item\":\"https:\/\/solana-village.com\/\"},{\"@type\":\"ListItem\",\"position\":2,\"name\":\"Over Solana Village\"}]},{\"@type\":\"WebSite\",\"@id\":\"https:\/\/solana-village.com\/#website\",\"url\":\"https:\/\/solana-village.com\/\",\"name\":\"Solana Village\",\"description\":\"\",\"potentialAction\":[{\"@type\":\"SearchAction\",\"target\":{\"@type\":\"EntryPoint\",\"urlTemplate\":\"https:\/\/solana-village.com\/?s={search_term_string}\"},\"query-input\":{\"@type\":\"PropertyValueSpecification\",\"valueRequired\":true,\"valueName\":\"search_term_string\"}}],\"inLanguage\":\"pl-PL\"}]}<\/script>\n<!-- \/ Yoast SEO plugin. -->","yoast_head_json":{"title":"O Solana Village - Solana Village","robots":{"index":"index","follow":"follow","max-snippet":"max-snippet:-1","max-image-preview":"max-image-preview:large","max-video-preview":"max-video-preview:-1"},"canonical":"https:\/\/solana-village.com\/pl\/kompleks\/","og_locale":"pl_PL","og_type":"article","og_title":"Over Solana Village - Solana Village","og_url":"https:\/\/solana-village.com\/pl\/kompleks\/","og_site_name":"Solana Village","article_modified_time":"2024-02-01T13:41:06+00:00","og_image":[{"width":1442,"height":1080,"url":"https:\/\/solana-village.com\/wp-content\/uploads\/sites\/10\/2022\/10\/Solona_property-1.jpg","type":"image\/jpeg"}],"twitter_card":"summary_large_image","twitter_misc":{"Szacowany czas czytania":"3 minuty"},"schema":{"@context":"https:\/\/schema.org","@graph":[{"@type":"WebPage","@id":"https:\/\/solana-village.com\/het-complex\/","url":"https:\/\/solana-village.com\/het-complex\/","name":"O Solana Village - Solana Village","isPartOf":{"@id":"https:\/\/solana-village.com\/#website"},"primaryImageOfPage":{"@id":"https:\/\/solana-village.com\/het-complex\/#primaryimage"},"image":{"@id":"https:\/\/solana-village.com\/het-complex\/#primaryimage"},"thumbnailUrl":"https:\/\/solana-village.com\/wp-content\/uploads\/sites\/10\/2022\/10\/Solona_property-1.jpg","datePublished":"2022-01-27T10:58:29+00:00","dateModified":"2024-02-01T13:41:06+00:00","breadcrumb":{"@id":"https:\/\/solana-village.com\/het-complex\/#breadcrumb"},"inLanguage":"pl-PL","potentialAction":[{"@type":"ReadAction","target":["https:\/\/solana-village.com\/het-complex\/"]}]},{"@type":"ImageObject","inLanguage":"pl-PL","@id":"https:\/\/solana-village.com\/het-complex\/#primaryimage","url":"https:\/\/solana-village.com\/wp-content\/uploads\/sites\/10\/2022\/10\/Solona_property-1.jpg","contentUrl":"https:\/\/solana-village.com\/wp-content\/uploads\/sites\/10\/2022\/10\/Solona_property-1.jpg","width":1442,"height":1080},{"@type":"BreadcrumbList","@id":"https:\/\/solana-village.com\/het-complex\/#breadcrumb","itemListElement":[{"@type":"ListItem","position":1,"name":"Home","item":"https:\/\/solana-village.com\/"},{"@type":"ListItem","position":2,"name":"Over Solana Village"}]},{"@type":"WebSite","@id":"https:\/\/solana-village.com\/#website","url":"https:\/\/solana-village.com\/","name":"Wie\u015b Solana","description":"","potentialAction":[{"@type":"SearchAction","target":{"@type":"EntryPoint","urlTemplate":"https:\/\/solana-village.com\/?s={search_term_string}"},"query-input":{"@type":"PropertyValueSpecification","valueRequired":true,"valueName":"search_term_string"}}],"inLanguage":"pl-PL"}]}},"_links":{"self":[{"href":"https:\/\/solana-village.com\/pl\/wp-json\/wp\/v2\/pages\/95","targetHints":{"allow":["GET"]}}],"collection":[{"href":"https:\/\/solana-village.com\/pl\/wp-json\/wp\/v2\/pages"}],"about":[{"href":"https:\/\/solana-village.com\/pl\/wp-json\/wp\/v2\/types\/page"}],"author":[{"embeddable":true,"href":"https:\/\/solana-village.com\/pl\/wp-json\/wp\/v2\/users\/1"}],"replies":[{"embeddable":true,"href":"https:\/\/solana-village.com\/pl\/wp-json\/wp\/v2\/comments?post=95"}],"version-history":[{"count":27,"href":"https:\/\/solana-village.com\/pl\/wp-json\/wp\/v2\/pages\/95\/revisions"}],"predecessor-version":[{"id":4127,"href":"https:\/\/solana-village.com\/pl\/wp-json\/wp\/v2\/pages\/95\/revisions\/4127"}],"wp:featuredmedia":[{"embeddable":true,"href":"https:\/\/solana-village.com\/pl\/wp-json\/wp\/v2\/media\/4030"}],"wp:attachment":[{"href":"https:\/\/solana-village.com\/pl\/wp-json\/wp\/v2\/media?parent=95"}],"curies":[{"name":"wp","href":"https:\/\/api.w.org\/{rel}","templated":true}]}}